{"id":595,"date":"2015-09-22T13:18:10","date_gmt":"2015-09-22T13:18:10","guid":{"rendered":"http:\/\/www.hear.fr\/sites\/atelierlivre\/?page_id=595"},"modified":"2021-02-15T14:00:05","modified_gmt":"2021-02-15T14:00:05","slug":"mentions-legales","status":"publish","type":"page","link":"http:\/\/www.hear.fr\/sites\/atelierlivre\/mentions-legales\/","title":{"rendered":"Mentions l\u00e9gales"},"content":{"rendered":"<p>&nbsp;<\/p>\n<div id=\"page_header_title_fond\" class=\"skrollable skrollable-after\" data-265=\"opacity:0;\" data-300=\"opacity:1;\" data-400=\"top:85px;\" data-485=\"top:-115px;\">Le contenu de ce site Internet (texte et logos inclus) est prot\u00e9g\u00e9 par les droits de propri\u00e9t\u00e9 intellectuelle.<\/div>\n<div>\n<div id=\"contenu\" class=\"skrollable skrollable-after\" data-0=\"margin-top:50px;\">\n<p>Pour toute information compl\u00e9mentaire, veuillez nous\u00a0faire parvenir votre demande \u00e0 <a href=\"mailto:ju-young.kim@hear.fr\">ju-young.kim@hear.fr<\/a>.<a title=\"contact\" href=\"http:\/\/localhost:8888\/2013-2014\/wpAtelierJuYoungKim\/contact\/\"><br \/><\/a><\/p>\n<p><strong><br \/><\/strong><strong><span class=\"MohaveSemiBold\">L&rsquo;atelier Livre est un des six\u00a0ateliers de l&rsquo;option Art-Objet de la HEAR \u00e0 Strasbourg.<\/span><\/strong><\/p>\n<p>&nbsp;<\/p>\n<p><strong><span class=\"MohaveSemiBold\">R\u00e9dacteurs du site<\/span><\/strong><\/p>\n<p>Ju-Young Kim,\u00a0L\u00e9a Hussenot Desenonges et Laura Caillaux<\/p>\n<p><strong><br \/><span class=\"MohaveSemiBold\">H\u00e9bergement<\/span><\/strong><\/p>\n<p>SARL OVH<br \/>Si\u00e8ge social : 140, quai du Sartel \u2013 59100 Roubaix<br \/>T\u00e9l : 0 899 701 761 \u2013 Fax : 03 20 20 09 58<br \/>Mail :support@ovh.com<br \/>Site internet :\u00a0<a title=\"OVH\" href=\"http:\/\/www.ovh.com\/\">www.ovh.com<\/a><\/p>\n<p>&nbsp;<\/p>\n<p><strong><span class=\"MohaveSemiBold\">Cr\u00e9ation du site<\/span><\/strong><\/p>\n<p><a title=\"michelravey.com\" href=\"http:\/\/www.michelravey.com\/\">michelravey.com<\/a>,\u00a0atelier num\u00e9rique<\/p>\n<p>&nbsp;<\/p>\n<p><span class=\"MohaveSemiBold\"><strong>Ce site existe gr\u00e2ce\u00a0aux technologies suivantes\u00a0<\/strong><\/span><\/p>\n<p><a href=\"http:\/\/www.wordpress.org\/\">WordPress<\/a><br \/><a href=\"http:\/\/www.w3.org\/\">HTML, CSS<\/a>, <a href=\"http:\/\/php.net\/\">PHP<\/a>, <a href=\"http:\/\/www.mysql.com\/\">mySQL<\/a><br \/><a href=\"http:\/\/jquery.com\/\">jQuery<\/a><\/p>\n<p>&nbsp;<\/p>\n<p><span class=\"MohaveSemiBold\"><strong>Les typographies suivantes sont utilis\u00e9es\u00a0<\/strong><\/span><\/p>\n<p><a href=\"https:\/\/www.google.com\/fonts\/specimen\/Source+Sans+Pro\">Source Sans Pro<\/a> de <a href=\"https:\/\/plus.google.com\/108888178732927400671\/about\">Paul D. Hunt<\/a> (<a href=\"https:\/\/www.google.com\/fonts\">Google Fonts<\/a>, SIL Open Font License 1.1)<br \/><a href=\"https:\/\/www.google.com\/fonts\/specimen\/Merriweather\">Merriweather<\/a> de <a href=\"https:\/\/plus.google.com\/106288796449831139244\/about\">Eben Sorkin<\/a>\u00a0(<a href=\"https:\/\/www.google.com\/fonts\">Google Fonts<\/a>, SIL Open Font License 1.1)<\/p>\n<p>&nbsp;<\/p>\n<\/div>\n<\/div>\n","protected":false},"excerpt":{"rendered":"<p>&nbsp; Le contenu de ce site Internet (texte et logos inclus) est prot\u00e9g\u00e9 par les droits de propri\u00e9t\u00e9 intellectuelle. Pour toute information compl\u00e9mentaire, veuillez nous\u00a0faire parvenir votre demande \u00e0 ju-young.kim@hear.fr. L&rsquo;atelier Livre est un des [&hellip;]<\/p>\n","protected":false},"author":1,"featured_media":0,"parent":0,"menu_order":0,"comment_status":"closed","ping_status":"open","template":"","meta":[],"acf":[],"_links":{"self":[{"href":"http:\/\/www.hear.fr\/sites\/atelierlivre\/wp-json\/wp\/v2\/pages\/595"}],"collection":[{"href":"http:\/\/www.hear.fr\/sites\/atelierlivre\/wp-json\/wp\/v2\/pages"}],"about":[{"href":"http:\/\/www.hear.fr\/sites\/atelierlivre\/wp-json\/wp\/v2\/types\/page"}],"author":[{"embeddable":true,"href":"http:\/\/www.hear.fr\/sites\/atelierlivre\/wp-json\/wp\/v2\/users\/1"}],"replies":[{"embeddable":true,"href":"http:\/\/www.hear.fr\/sites\/atelierlivre\/wp-json\/wp\/v2\/comments?post=595"}],"version-history":[{"count":7,"href":"http:\/\/www.hear.fr\/sites\/atelierlivre\/wp-json\/wp\/v2\/pages\/595\/revisions"}],"predecessor-version":[{"id":3330,"href":"http:\/\/www.hear.fr\/sites\/atelierlivre\/wp-json\/wp\/v2\/pages\/595\/revisions\/3330"}],"wp:attachment":[{"href":"http:\/\/www.hear.fr\/sites\/atelierlivre\/wp-json\/wp\/v2\/media?parent=595"}],"curies":[{"name":"wp","href":"https:\/\/api.w.org\/{rel}","templated":true}]}}