{"id":2,"date":"2015-01-13T14:33:07","date_gmt":"2015-01-13T14:33:07","guid":{"rendered":"http:\/\/localhost:8888\/cms\/wordpress_201501\/?page_id=2"},"modified":"2024-09-26T12:34:51","modified_gmt":"2024-09-26T12:34:51","slug":"enseignants","status":"publish","type":"page","link":"https:\/\/www.hear.fr\/sites\/atelierlivre\/enseignants\/","title":{"rendered":"Enseignants"},"content":{"rendered":"<p class=\"p1\"><span style=\"font-size: 18pt;\"><b><span class=\"Source_Sans_Pro_UltraBold\"><a href=\"http:\/\/www.hear.fr\/sites\/atelierlivre\/wp-content\/uploads\/2015\/01\/ju_youg_kim.jpg\"><img loading=\"lazy\" class=\" size-full wp-image-221 alignnone\" src=\"http:\/\/www.hear.fr\/sites\/atelierlivre\/wp-content\/uploads\/2015\/01\/ju_youg_kim.jpg\" alt=\"ju_young_kim\" width=\"165\" height=\"216\" \/><\/a><\/span><\/b><\/span><\/p>\n<p class=\"p1\">\n<p class=\"p1\"><span style=\"font-size: 18pt;\"><b><span class=\"Source_Sans_Pro_UltraBold\">Ju-Young KIM<\/span>\u00a0<\/b><span class=\"Source_Sans_Pro_Light\" style=\"color: #00ccff;\">\/<\/span>\u00a0<span class=\"Source_Sans_Pro_Normal\" style=\"color: #999999;\">responsable<\/span><\/span><\/p>\n<p class=\"p1\">\n<p class=\"p2\">Artiste, auteur et \u00e9ditrice de livres d\u2019artistes, engag\u00e9e dans la cr\u00e9ation contemporaine. Le rapport aux autres, les rencontres sont les conditions essentielles de l\u2019\u00e9mergence et de d\u00e9veloppement de son travail d\u2019artiste. Consid\u00e9rant le livre d\u2019artiste comme champ d\u2019exp\u00e9rimentation plastique et m\u00e9dium d\u2019expression artistique \u00e0 part enti\u00e8re, ses r\u00e9flexions et son approche du livre d\u2019artiste se nourrissent des relations humaines: rencontre avec les milieux sociaux, culturels, institutionnels, avec le monde du travail, les artistes, les cr\u00e9ateurs, les intellectuels\u2026 Ses exp\u00e9riences de vie et ses exp\u00e9riences professionnelles d\u2019artiste, d\u2019enseignante et d\u2019\u00e9ditrice son intimement li\u00e9es, indissociables et participent \u00e0 son enseignement.<span class=\"Apple-converted-space\">\u00a0 <\/span><\/p>\n<p class=\"p2\">\n<p class=\"p2\"><span class=\"s1\"><a href=\"http:\/\/www.atelierjuyoungkim.com\">www.atelierjuyoungkim.com<\/a><\/span><\/p>\n<p class=\"p2\">\n<p class=\"p2\">\n<p class=\"p2\">\n<p class=\"p2\">\u00a0<b><\/b><\/p>\n<p class=\"p2\">\n<p class=\"p2\"><span style=\"font-size: 18pt;\"><b>\u00a0<span class=\"Source_Sans_Pro_UltraBold\">R\u00e9mi Levaufre <\/span><\/b><span class=\"Source_Sans_Pro_Light\" style=\"color: #00ccff;\">\/ <\/span><span class=\"Source_Sans_Pro_Normal\" style=\"color: #999999;\">assistant<\/span><\/span><\/p>\n<p class=\"p2\"><\/p>\n","protected":false},"excerpt":{"rendered":"<p>Ju-Young KIM\u00a0\/\u00a0responsable Artiste, auteur et \u00e9ditrice de livres d\u2019artistes, engag\u00e9e dans la cr\u00e9ation contemporaine. Le rapport aux autres, les rencontres sont les conditions essentielles de l\u2019\u00e9mergence et de d\u00e9veloppement de son travail d\u2019artiste. Consid\u00e9rant le [&hellip;]<\/p>\n","protected":false},"author":1,"featured_media":0,"parent":0,"menu_order":0,"comment_status":"open","ping_status":"open","template":"","meta":[],"acf":[],"_links":{"self":[{"href":"https:\/\/www.hear.fr\/sites\/atelierlivre\/wp-json\/wp\/v2\/pages\/2"}],"collection":[{"href":"https:\/\/www.hear.fr\/sites\/atelierlivre\/wp-json\/wp\/v2\/pages"}],"about":[{"href":"https:\/\/www.hear.fr\/sites\/atelierlivre\/wp-json\/wp\/v2\/types\/page"}],"author":[{"embeddable":true,"href":"https:\/\/www.hear.fr\/sites\/atelierlivre\/wp-json\/wp\/v2\/users\/1"}],"replies":[{"embeddable":true,"href":"https:\/\/www.hear.fr\/sites\/atelierlivre\/wp-json\/wp\/v2\/comments?post=2"}],"version-history":[{"count":38,"href":"https:\/\/www.hear.fr\/sites\/atelierlivre\/wp-json\/wp\/v2\/pages\/2\/revisions"}],"predecessor-version":[{"id":4634,"href":"https:\/\/www.hear.fr\/sites\/atelierlivre\/wp-json\/wp\/v2\/pages\/2\/revisions\/4634"}],"wp:attachment":[{"href":"https:\/\/www.hear.fr\/sites\/atelierlivre\/wp-json\/wp\/v2\/media?parent=2"}],"curies":[{"name":"wp","href":"https:\/\/api.w.org\/{rel}","templated":true}]}}