{"id":29,"date":"2015-01-20T09:33:07","date_gmt":"2015-01-20T09:33:07","guid":{"rendered":"http:\/\/localhost:8888\/cms\/wordpress_201501\/?page_id=29"},"modified":"2019-12-22T14:40:04","modified_gmt":"2019-12-22T14:40:04","slug":"presentation","status":"publish","type":"page","link":"https:\/\/www.hear.fr\/sites\/atelierlivre\/presentation\/","title":{"rendered":"Pr\u00e9sentation"},"content":{"rendered":"<p>&nbsp;<\/p>\n<p class=\"p1\"><span style=\"font-size: 16pt; color: #0b8bb5;\"><em><span class=\"Source_Sans_Pro_Light\">Atelier de recherche, d&rsquo;exp\u00e9rimentation et d&rsquo;enseignement sp\u00e9cifique autour du livre, plus particuli\u00e8rement du livre d&rsquo;artiste. Cet atelier, unique dans le paysage des \u00e9coles d&rsquo;art fran\u00e7aises, est l&rsquo;un des six ateliers de l&rsquo;<span class=\"Source_Sans_Pro_Normal\">option Art-Objet de la HEAR (Haute Ecole des Arts du Rhin), site de Strasbourg<\/span>.<\/span><\/em><\/span><\/p>\n<p class=\"p1\">\u00a0<\/p>\n<p class=\"p1\">\u00a0<\/p>\n<p class=\"p3\"><span class=\"Source_Sans_Pro_SemiBold\" style=\"font-size: 14pt;\">L<span class=\"s2\">\u02bc<\/span>atelier Livre<\/span> am\u00e8ne ses \u00e9tudiants r\u00e9sidants \u00e0 explorer le livre dans ses dimensions conceptuelles et mat\u00e9rielles, ses divers statuts et supports, \u00e0 interroger son histoire, ses d\u00e9veloppements et \u00e9volutions jusqu<span class=\"s2\">\u02bc<\/span>aux exp\u00e9rimentations les plus actuelles. Confrontant savoirs et savoir-faire traditionnels aux enjeux de la cr\u00e9ation contemporaine, l<span class=\"s2\">\u02bc<\/span>atelier livre envisage le livre comme m\u00e9dium d<span class=\"s2\">\u02bc<\/span>expression artistique \u00e0 part enti\u00e8re, ayant ses sp\u00e9cificit\u00e9s, son histoire, ses th\u00e9oriciens et critiques, ses lieux et circuits de diffusion, galeries, librairies, ses centres d<span class=\"s2\">\u02bc<\/span>art et institutions sp\u00e9cialis\u00e9es, son public, ses collectionneurs.<\/p>\n<p class=\"p3\">\u00a0<\/p>\n<p>&nbsp;<\/p>\n<script type=\"text\/javascript\">\/* <![CDATA[ *\/ psTimeout[0]=4000;psAutoplay[0]=false;psTrans[0]='fade';psLoop[0]=true;psSpeed[0]=400;\/* ]]> *\/<\/script>\n\t\t<div id=\"slideshow-wrapper0\" class=\"slideshow-wrapper clearfix\"><div id=\"portfolio-slideshow0\" class=\"portfolio-slideshow\">\n\t<div class=\"slideshow-next slideshow-content\">\n\t\t\t<a href=\"javascript: void(0);\" class=\"slideshow-next\"><img class=\"psp-active\" data-img=\"https:\/\/www.hear.fr\/sites\/atelierlivre\/wp-content\/uploads\/2015\/01\/web-DSC05336.jpg\" src=\"https:\/\/www.hear.fr\/sites\/atelierlivre\/wp-content\/uploads\/2015\/01\/web-DSC05336.jpg\" height=\"600\" width=\"900\" alt=\"web-DSC05336\" \/><noscript><img src=\"https:\/\/www.hear.fr\/sites\/atelierlivre\/wp-content\/uploads\/2015\/01\/web-DSC05336.jpg\" height=\"600\" width=\"900\" alt=\"web-DSC05336\" \/><\/noscript><\/a><div class=\"slideshow-meta\"><\/div><\/div>\n\t\t\t<div class=\"not-first slideshow-next slideshow-content\">\n\t\t\t<a href=\"javascript: void(0);\" class=\"slideshow-next\"><img class=\"psp-active\" data-img=\"https:\/\/www.hear.fr\/sites\/atelierlivre\/wp-content\/uploads\/2015\/01\/web-DSC05596.jpg\" src=\"https:\/\/www.hear.fr\/sites\/atelierlivre\/wp-content\/plugins\/portfolio-slideshow\/img\/tiny.png\" height=\"600\" width=\"900\" alt=\"web-DSC05596\" \/><noscript><img src=\"https:\/\/www.hear.fr\/sites\/atelierlivre\/wp-content\/uploads\/2015\/01\/web-DSC05596.jpg\" height=\"600\" width=\"900\" alt=\"web-DSC05596\" \/><\/noscript><\/a><div class=\"slideshow-meta\"><\/div><\/div>\n\t\t\t<div class=\"not-first slideshow-next slideshow-content\">\n\t\t\t<a href=\"javascript: void(0);\" class=\"slideshow-next\"><img class=\"psp-active\" data-img=\"https:\/\/www.hear.fr\/sites\/atelierlivre\/wp-content\/uploads\/2015\/01\/1002.jpg\" src=\"https:\/\/www.hear.fr\/sites\/atelierlivre\/wp-content\/plugins\/portfolio-slideshow\/img\/tiny.png\" height=\"600\" width=\"900\" alt=\"1002\" \/><noscript><img src=\"https:\/\/www.hear.fr\/sites\/atelierlivre\/wp-content\/uploads\/2015\/01\/1002.jpg\" height=\"600\" width=\"900\" alt=\"1002\" \/><\/noscript><\/a><div class=\"slideshow-meta\"><\/div><\/div>\n\t\t\t<div class=\"not-first slideshow-next slideshow-content\">\n\t\t\t<a href=\"javascript: void(0);\" class=\"slideshow-next\"><img class=\"psp-active\" data-img=\"https:\/\/www.hear.fr\/sites\/atelierlivre\/wp-content\/uploads\/2015\/01\/1001.jpg\" src=\"https:\/\/www.hear.fr\/sites\/atelierlivre\/wp-content\/plugins\/portfolio-slideshow\/img\/tiny.png\" height=\"600\" width=\"400\" alt=\"1001\" \/><noscript><img src=\"https:\/\/www.hear.fr\/sites\/atelierlivre\/wp-content\/uploads\/2015\/01\/1001.jpg\" height=\"600\" width=\"400\" alt=\"1001\" \/><\/noscript><\/a><div class=\"slideshow-meta\"><\/div><\/div>\n\t\t\t<div class=\"not-first slideshow-next slideshow-content\">\n\t\t\t<a href=\"javascript: void(0);\" class=\"slideshow-next\"><img class=\"psp-active\" data-img=\"https:\/\/www.hear.fr\/sites\/atelierlivre\/wp-content\/uploads\/2015\/01\/1004.jpg\" src=\"https:\/\/www.hear.fr\/sites\/atelierlivre\/wp-content\/plugins\/portfolio-slideshow\/img\/tiny.png\" height=\"600\" width=\"900\" alt=\"1004\" \/><noscript><img src=\"https:\/\/www.hear.fr\/sites\/atelierlivre\/wp-content\/uploads\/2015\/01\/1004.jpg\" height=\"600\" width=\"900\" alt=\"1004\" \/><\/noscript><\/a><div class=\"slideshow-meta\"><\/div><\/div>\n\t\t\t<div class=\"not-first slideshow-next slideshow-content\">\n\t\t\t<a href=\"javascript: void(0);\" class=\"slideshow-next\"><img class=\"psp-active\" data-img=\"https:\/\/www.hear.fr\/sites\/atelierlivre\/wp-content\/uploads\/2015\/01\/web-DSC05590.jpg\" src=\"https:\/\/www.hear.fr\/sites\/atelierlivre\/wp-content\/plugins\/portfolio-slideshow\/img\/tiny.png\" height=\"600\" width=\"900\" alt=\"web-DSC05590\" \/><noscript><img src=\"https:\/\/www.hear.fr\/sites\/atelierlivre\/wp-content\/uploads\/2015\/01\/web-DSC05590.jpg\" height=\"600\" width=\"900\" alt=\"web-DSC05590\" \/><\/noscript><\/a><div class=\"slideshow-meta\"><\/div><\/div>\n\t\t\t<div class=\"not-first slideshow-next slideshow-content\">\n\t\t\t<a href=\"javascript: void(0);\" class=\"slideshow-next\"><img class=\"psp-active\" data-img=\"https:\/\/www.hear.fr\/sites\/atelierlivre\/wp-content\/uploads\/2015\/01\/web-DSC05597.jpg\" src=\"https:\/\/www.hear.fr\/sites\/atelierlivre\/wp-content\/plugins\/portfolio-slideshow\/img\/tiny.png\" height=\"600\" width=\"900\" alt=\"web-DSC05597\" \/><noscript><img src=\"https:\/\/www.hear.fr\/sites\/atelierlivre\/wp-content\/uploads\/2015\/01\/web-DSC05597.jpg\" height=\"600\" width=\"900\" alt=\"web-DSC05597\" \/><\/noscript><\/a><div class=\"slideshow-meta\"><\/div><\/div>\n\t\t\t<div class=\"not-first slideshow-next slideshow-content\">\n\t\t\t<a href=\"javascript: void(0);\" class=\"slideshow-next\"><img class=\"psp-active\" data-img=\"https:\/\/www.hear.fr\/sites\/atelierlivre\/wp-content\/uploads\/2015\/01\/1003.jpg\" src=\"https:\/\/www.hear.fr\/sites\/atelierlivre\/wp-content\/plugins\/portfolio-slideshow\/img\/tiny.png\" height=\"600\" width=\"900\" alt=\"1003\" \/><noscript><img src=\"https:\/\/www.hear.fr\/sites\/atelierlivre\/wp-content\/uploads\/2015\/01\/1003.jpg\" height=\"600\" width=\"900\" alt=\"1003\" \/><\/noscript><\/a><div class=\"slideshow-meta\"><\/div><\/div>\n\t\t\t<div class=\"not-first slideshow-next slideshow-content\">\n\t\t\t<a href=\"javascript: void(0);\" class=\"slideshow-next\"><img class=\"psp-active\" data-img=\"https:\/\/www.hear.fr\/sites\/atelierlivre\/wp-content\/uploads\/2015\/01\/web-DSC05609.jpg\" src=\"https:\/\/www.hear.fr\/sites\/atelierlivre\/wp-content\/plugins\/portfolio-slideshow\/img\/tiny.png\" height=\"600\" width=\"900\" alt=\"web-DSC05609\" \/><noscript><img src=\"https:\/\/www.hear.fr\/sites\/atelierlivre\/wp-content\/uploads\/2015\/01\/web-DSC05609.jpg\" height=\"600\" width=\"900\" alt=\"web-DSC05609\" \/><\/noscript><\/a><div class=\"slideshow-meta\"><\/div><\/div>\n\t\t\t<\/div><!--#portfolio-slideshow--><div class=\"pscarousel\"><div id=\"pager0\" class=\"pager items clearfix\"><img width=\"300\" height=\"300\" src=\"https:\/\/www.hear.fr\/sites\/atelierlivre\/wp-content\/uploads\/2015\/01\/web-DSC05336-300x300.jpg\" class=\"attachment-thumbnail size-thumbnail\" alt=\"\" loading=\"lazy\" \/><img width=\"300\" height=\"300\" src=\"https:\/\/www.hear.fr\/sites\/atelierlivre\/wp-content\/uploads\/2015\/01\/web-DSC05596-300x300.jpg\" class=\"attachment-thumbnail size-thumbnail\" alt=\"\" loading=\"lazy\" \/><img width=\"300\" height=\"300\" src=\"https:\/\/www.hear.fr\/sites\/atelierlivre\/wp-content\/uploads\/2015\/01\/1002-300x300.jpg\" class=\"attachment-thumbnail size-thumbnail\" alt=\"\" loading=\"lazy\" \/><img width=\"300\" height=\"300\" src=\"https:\/\/www.hear.fr\/sites\/atelierlivre\/wp-content\/uploads\/2015\/01\/1001-300x300.jpg\" class=\"attachment-thumbnail size-thumbnail\" alt=\"\" loading=\"lazy\" \/><img width=\"300\" height=\"300\" src=\"https:\/\/www.hear.fr\/sites\/atelierlivre\/wp-content\/uploads\/2015\/01\/1004-300x300.jpg\" class=\"attachment-thumbnail size-thumbnail\" alt=\"\" loading=\"lazy\" \/><img width=\"300\" height=\"300\" src=\"https:\/\/www.hear.fr\/sites\/atelierlivre\/wp-content\/uploads\/2015\/01\/web-DSC05590-300x300.jpg\" class=\"attachment-thumbnail size-thumbnail\" alt=\"\" loading=\"lazy\" \/><img width=\"300\" height=\"300\" src=\"https:\/\/www.hear.fr\/sites\/atelierlivre\/wp-content\/uploads\/2015\/01\/web-DSC05597-300x300.jpg\" class=\"attachment-thumbnail size-thumbnail\" alt=\"\" loading=\"lazy\" \/><img width=\"300\" height=\"300\" src=\"https:\/\/www.hear.fr\/sites\/atelierlivre\/wp-content\/uploads\/2015\/01\/1003-300x300.jpg\" class=\"attachment-thumbnail size-thumbnail\" alt=\"\" loading=\"lazy\" \/><img width=\"300\" height=\"300\" src=\"https:\/\/www.hear.fr\/sites\/atelierlivre\/wp-content\/uploads\/2015\/01\/web-DSC05609-300x300.jpg\" class=\"attachment-thumbnail size-thumbnail\" alt=\"\" loading=\"lazy\" \/><\/div><\/div><\/div><!--#slideshow-wrapper-->\n<p class=\"p3\">\u00a0<\/p>\n","protected":false},"excerpt":{"rendered":"<p>&nbsp; Atelier de recherche, d&rsquo;exp\u00e9rimentation et d&rsquo;enseignement sp\u00e9cifique autour du livre, plus particuli\u00e8rement du livre d&rsquo;artiste. Cet atelier, unique dans le paysage des \u00e9coles d&rsquo;art fran\u00e7aises, est l&rsquo;un des six ateliers de l&rsquo;option Art-Objet de [&hellip;]<\/p>\n","protected":false},"author":1,"featured_media":0,"parent":0,"menu_order":0,"comment_status":"open","ping_status":"open","template":"","meta":[],"acf":[],"_links":{"self":[{"href":"https:\/\/www.hear.fr\/sites\/atelierlivre\/wp-json\/wp\/v2\/pages\/29"}],"collection":[{"href":"https:\/\/www.hear.fr\/sites\/atelierlivre\/wp-json\/wp\/v2\/pages"}],"about":[{"href":"https:\/\/www.hear.fr\/sites\/atelierlivre\/wp-json\/wp\/v2\/types\/page"}],"author":[{"embeddable":true,"href":"https:\/\/www.hear.fr\/sites\/atelierlivre\/wp-json\/wp\/v2\/users\/1"}],"replies":[{"embeddable":true,"href":"https:\/\/www.hear.fr\/sites\/atelierlivre\/wp-json\/wp\/v2\/comments?post=29"}],"version-history":[{"count":39,"href":"https:\/\/www.hear.fr\/sites\/atelierlivre\/wp-json\/wp\/v2\/pages\/29\/revisions"}],"predecessor-version":[{"id":3293,"href":"https:\/\/www.hear.fr\/sites\/atelierlivre\/wp-json\/wp\/v2\/pages\/29\/revisions\/3293"}],"wp:attachment":[{"href":"https:\/\/www.hear.fr\/sites\/atelierlivre\/wp-json\/wp\/v2\/media?parent=29"}],"curies":[{"name":"wp","href":"https:\/\/api.w.org\/{rel}","templated":true}]}}